{"id":111723,"date":"2015-06-11T16:03:51","date_gmt":"2015-06-11T13:03:51","guid":{"rendered":"http:\/\/goiptveurope.com\/?page_id=111723"},"modified":"2022-10-27T16:57:31","modified_gmt":"2022-10-27T13:57:31","slug":"tutorials","status":"publish","type":"page","link":"https:\/\/www.goiptveurope.com\/de\/tutorials\/","title":{"rendered":"Tutorials"},"content":{"rendered":"<div class=\"wpb-content-wrapper\"><p>[vc_row row_height_percent=&#8221;55&#8243; override_padding=&#8221;yes&#8221; h_padding=&#8221;2&#8243; top_padding=&#8221;4&#8243; bottom_padding=&#8221;4&#8243; back_color=&#8221;color-wayh&#8221; back_image=&#8221;11297&#8243; overlay_color=&#8221;accent&#8221; overlay_alpha=&#8221;90&#8243; gutter_size=&#8221;3&#8243; column_width_percent=&#8221;100&#8243; shift_y=&#8221;0&#8243; z_index=&#8221;0&#8243; enable_bottom_divider=&#8221;default&#8221; bottom_divider=&#8221;gradient&#8221; shape_bottom_h_use_pixel=&#8221;true&#8221; shape_bottom_height_percent=&#8221;100&#8243; shape_bottom_color=&#8221;color-wayh&#8221; shape_bottom_opacity=&#8221;50&#8243; shape_bottom_index=&#8221;0&#8243; uncode_shortcode_id=&#8221;140948&#8243; back_color_type=&#8221;uncode-palette&#8221; overlay_color_type=&#8221;uncode-palette&#8221; shape_bottom_color_type=&#8221;uncode-palette&#8221;][vc_column column_width_percent=&#8221;100&#8243; position_vertical=&#8221;bottom&#8221; gutter_size=&#8221;3&#8243; style=&#8221;dark&#8221; overlay_alpha=&#8221;50&#8243; shift_x=&#8221;0&#8243; shift_y=&#8221;0&#8243; shift_y_down=&#8221;0&#8243; z_index=&#8221;0&#8243; medium_width=&#8221;0&#8243; mobile_width=&#8221;0&#8243; zoom_width=&#8221;0&#8243; zoom_height=&#8221;0&#8243; width=&#8221;1\/1&#8243; uncode_shortcode_id=&#8221;335162&#8243;][vc_custom_heading heading_semantic=&#8221;h1&#8243; text_size=&#8221;fontsize-445851&#8243; text_weight=&#8221;700&#8243; text_height=&#8221;fontheight-578034&#8243; text_uppercase=&#8221;&#8221; uncode_shortcode_id=&#8221;144003&#8243;]IPTV Tutorials[\/vc_custom_heading][vc_custom_heading heading_semantic=&#8221;h3&#8243; text_size=&#8221;h3&#8243; text_space=&#8221;fontspace-781688&#8243; uncode_shortcode_id=&#8221;112842&#8243;][\/vc_custom_heading][\/vc_column][\/vc_row][vc_row row_height_percent=&#8221;0&#8243; override_padding=&#8221;yes&#8221; h_padding=&#8221;2&#8243; top_padding=&#8221;4&#8243; bottom_padding=&#8221;4&#8243; overlay_alpha=&#8221;100&#8243; gutter_size=&#8221;100&#8243; column_width_percent=&#8221;100&#8243; shift_y=&#8221;0&#8243; z_index=&#8221;0&#8243; style=&#8221;inherited&#8221;][vc_column column_width_percent=&#8221;100&#8243; gutter_size=&#8221;3&#8243; overlay_alpha=&#8221;50&#8243; shift_x=&#8221;0&#8243; shift_y=&#8221;0&#8243; shift_y_down=&#8221;0&#8243; z_index=&#8221;0&#8243; medium_width=&#8221;0&#8243; mobile_width=&#8221;0&#8243; zoom_width=&#8221;0&#8243; zoom_height=&#8221;0&#8243; width=&#8221;1\/1&#8243; uncode_shortcode_id=&#8221;790384&#8243;][vc_custom_heading heading_semantic=&#8221;h3&#8243; text_size=&#8221;h3&#8243; text_space=&#8221;fontspace-781688&#8243; uncode_shortcode_id=&#8221;185803&#8243;]Wir haben Schritt-f\u00fcr-Schritt-IPTV-Tutorials erstellt, um Ihnen bei der Installation Ihres IPTV-Abonnements auf Ihren bevorzugten Ger\u00e4ten zu helfen.[\/vc_custom_heading][vc_accordion typography=&#8221;yes&#8221; sign=&#8221;plus&#8221; active_tab=&#8221;0&#8243;][vc_accordion_tab gutter_size=&#8221;2&#8243; column_padding=&#8221;2&#8243; title=&#8221;Smart TV ( Samsung &amp; LG)&#8221; tab_id=&#8221;24a731b5-e185-3&#8243;][vc_column_text uncode_shortcode_id=&#8221;147590&#8243;]Installationsanleitung f\u00fcr Samsung\/LG Smart TV.<\/p>\n<p>Der Dienst <strong>GoIPTVEurope.com<\/strong> verwendet eine Media-Controller-App namens \u201e<strong>Smart IPTV<\/strong>\u201c. Diese App ist f\u00fcr mehrere Tage kostenlos.<\/p>\n<p>NUR 3 Schritte<\/p>\n<p>1 \u2013 Gehen Sie zum Bildschirm des <strong>Samsung<\/strong>&#8211; oder <strong>LG<\/strong>-Smart-TV-App-Stores und suchen Sie nach der \u201e<strong>Smart IPTV<\/strong>\u201c-App mit dem untenstehenden Logo. . Wenn die Anwendung nicht auf dem Startbildschirm angezeigt wird, m\u00fcssen Sie m\u00f6glicherweise unter \u201eAlle Apps\u201c oder \u201eUpdates\u201c danach suchen.<\/p>\n<p>2 \u2013 Starten Sie die Anwendung \u201e<strong>Smart IPTV<\/strong>\u201c und notieren Sie sich die auf dem Bildschirm angezeigte \u201e<strong>MAC-Adresse<\/strong>\u201c. Sie k\u00f6nnen jetzt Ihre <strong>MAC-Adresse<\/strong> auf der rechten Seite Ihres Bildschirms sehen.<\/p>\n<p>3 \u2013 Um Ihr IPTV-Abonnement nach der Zahlung automatisch zu aktivieren, senden Sie uns die MAC-Adresse Ihres Fernsehers \u00fcber das untenstehende Formular.<br \/>\n(Dies gilt nur f\u00fcr <strong>Samsung<\/strong> und <strong>LG<\/strong> Smart TV)<\/p>\n<p>Top of Form<\/p>\n<p>account_circle<\/p>\n<p>email<\/p>\n<p>desktop_mac[\/vc_column_text][\/vc_accordion_tab][vc_accordion_tab gutter_size=&#8221;2&#8243; column_padding=&#8221;2&#8243; title=&#8221;PC \/ Windows&#8221; tab_id=&#8221;51669b3a-8e8e-2&#8243;][vc_column_text uncode_shortcode_id=&#8221;432224&#8243;]<\/p>\n<ol>\n<li>Laden Sie die IPTV Smarters Pro-App herunter (<a href=\"https:\/\/www.iptvsmarters.com\/IPTVSmartersPro-Setup-1.1.1.exe\">Download-URL-Link<\/a>)<\/li>\n<li>\u00d6ffnen Sie die App<\/li>\n<li>F\u00fcllen Sie das Formular mit Anmeldedaten, Name, Benutzername, Passwort, URL aus.<\/li>\n<li>Warten Sie, bis alle Kan\u00e4le geladen sind (dies kann einige Zeit dauern). W\u00e4hlen Sie einen Kanal aus und genie\u00dfen Sie die Show<\/li>\n<\/ol>\n<p>[\/vc_column_text][\/vc_accordion_tab][vc_accordion_tab gutter_size=&#8221;2&#8243; column_padding=&#8221;2&#8243; title=&#8221;PC \/ MAC OS X&#8221; tab_id=&#8221;ef5915c9-1af0-2&#8243;][vc_column_text uncode_shortcode_id=&#8221;471791&#8243;]<\/p>\n<ol>\n<li>Laden Sie die IPTV Smarters Pro-App herunter (<a href=\"https:\/\/www.iptvsmarters.com\/IPTVSmartersPro-1.1.1.dmg\"><strong>Download-URL-Link<\/strong><\/a>)<\/li>\n<li>\u00d6ffnen Sie die App<\/li>\n<li>F\u00fcllen Sie das Formular mit Anmeldedaten, Name, Benutzername, Passwort, URL aus.<\/li>\n<li>Warten Sie, bis alle Kan\u00e4le geladen sind (dies kann einige Zeit dauern). W\u00e4hlen Sie einen Kanal aus und genie\u00dfen Sie die Show<\/li>\n<\/ol>\n<p>[\/vc_column_text][\/vc_accordion_tab][vc_accordion_tab gutter_size=&#8221;2&#8243; column_padding=&#8221;2&#8243; title=&#8221;Apple ( Apple TV \/ iPhone \/ iPad)&#8221; tab_id=&#8221;0a882431-6c4b-0&#8243;][vc_column_text uncode_shortcode_id=&#8221;338299&#8243;]<strong>Verwenden des IPTV-Smarters-Player-Schritts<\/strong><\/p>\n<ol>\n<li>Laden Sie den <strong><a href=\"https:\/\/apps.apple.com\/cy\/app\/iptv-smarters-player\/id1383614816?l=tr\">IPTV-Smarters Player<\/a><\/strong> aus dem AppStore herunter<\/li>\n<li>F\u00fcllen Sie das Formular mit Anmeldedaten, Name, Benutzername, Passwort, URL aus.<\/li>\n<li>Sie k\u00f6nnen jetzt unsere IPTV-Playlist genie\u00dfen<\/li>\n<\/ol>\n<p><strong>Mit der IBO PLAYER APP<\/strong><\/p>\n<ol>\n<li>Laden Sie die <strong><a href=\"https:\/\/apps.apple.com\/us\/app\/ibo-player\/id1547652240\" target=\"_blank\" rel=\"noopener\">IBO PLAYER-APP<\/a><\/strong> herunter<\/li>\n<li>F\u00fchren Sie die App aus und erhalten Sie den Schl\u00fcssel von Mac und App<\/li>\n<li>Senden Sie uns den IBO PLAYER Mac und Key<\/li>\n<li>Wir laden Ihre IPTV-Liste<\/li>\n<li>Installieren\/aktualisieren Sie die App neu und klicken Sie auf die Playlist: goiptveurope.com<\/li>\n<\/ol>\n<p>[\/vc_column_text][\/vc_accordion_tab][vc_accordion_tab gutter_size=&#8221;2&#8243; column_padding=&#8221;2&#8243; title=&#8221;Android TV (IPTV extreme) Empfohlen&#8221; tab_id=&#8221;1655842057212-4-4&#8243;][vc_column_text uncode_shortcode_id=&#8221;178006&#8243;]Alle Optionen sind verf\u00fcgbar (EPG + CATCH UP)<\/p>\n<ol>\n<li>Gehen Sie zu <strong>Downloader<\/strong> oder <strong>Internet<\/strong><\/li>\n<li>Senden Sie uns den Mac\/Key der App.<\/li>\n<li>Duplex-Wiedergabe, IPTV-Extreme, Ibo-Player, Smart-IPTV, Flix-IPTV, Net-IPTV, Smart-IPTV, Quzu-IPTV.<\/li>\n<li>Nachdem Sie uns den Mac der App gesendet haben, werden wir Ihre IPTV-Liste installieren und die App neu installieren. Sie werden es genie\u00dfen, alle Kan\u00e4le anzusehen Neueste VOD (Filme und Serien) Regelm\u00e4\u00dfig aktualisiert.<\/li>\n<\/ol>\n<p>[\/vc_column_text][\/vc_accordion_tab][vc_accordion_tab gutter_size=&#8221;2&#8243; column_padding=&#8221;2&#8243; title=&#8221;Android (Smartphones \/ Android-Box )&#8221; tab_id=&#8221;1655842088698-5-5&#8243;][vc_column_text uncode_shortcode_id=&#8221;565656&#8243;]<\/p>\n<ul>\n<li>Gehen Sie zu <strong>Downloader<\/strong> oder <strong>Internet<\/strong><\/li>\n<li>Laden Sie eine der folgenden Apps herunter und senden Sie uns Mac\/Key der App.<\/li>\n<li>Duplex Play, IPTV Extreme, Ibo Player, Smart One IPTV, Flix IPTV, Net IPTV, Smart IPTV, Quzu IPTV.<\/li>\n<li>Nachdem Sie uns Ihren Mac der App gesendet haben, laden wir Ihre IPTV-Liste hoch und Sie laden die App neu und genie\u00dfen es, alle Kan\u00e4le mit den neuesten VOD (Filme und Serien) anzusehen, die regelm\u00e4\u00dfig aktualisiert werden.<\/li>\n<\/ul>\n<p>[\/vc_column_text][\/vc_accordion_tab][vc_accordion_tab gutter_size=&#8221;2&#8243; column_padding=&#8221;2&#8243; title=&#8221;KODI-Version 16 und niedriger&#8221; tab_id=&#8221;1655842190075-6-1&#8243;][vc_column_text uncode_shortcode_id=&#8221;103796&#8243;]<\/p>\n<ol>\n<li>\u00d6ffnen Sie Kodi<\/li>\n<li>W\u00e4hlen Sie SYSTEM<\/li>\n<li>W\u00e4hlen Sie TV (oder Live TV, wenn Sie eine niedrigere Version als 15.2 verwenden und dann ein Update in Betracht ziehen)<\/li>\n<li>W\u00e4hlen Sie Allgemein<\/li>\n<li>W\u00e4hlen Sie Aktiviert. Sie sehen nun ein Popup-Fenster, das besagt, dass Sie keinen PVR-Client aktiviert haben.<\/li>\n<li>W\u00e4hlen Sie OK<\/li>\n<li>Scrollen Sie nach unten und w\u00e4hlen Sie PVR IPTV Simple Client<\/li>\n<li>W\u00e4hlen Sie Aktivieren<\/li>\n<li>W\u00e4hlen Sie Konfigurieren<\/li>\n<\/ol>\n<p><strong>W\u00e4hlen Sie im Allgemeinen M3U-Playlist-URL aus<\/strong><\/p>\n<ol>\n<li>F\u00fcgen Sie Ihre M3U-URL in den Adressbereich ein<\/li>\n<li>W\u00e4hlen Sie OK<\/li>\n<li>W\u00e4hlen Sie erneut OK<\/li>\n<li>Starten Sie Kodi neu<\/li>\n<li>Auf Ihrem Startbildschirm sollten Sie jetzt TV sehen (oder Live-TV, wenn Sie eine \u00e4ltere Version von Kodi verwenden).<\/li>\n<li>\u00d6ffnen Sie das, um die Live-Kanalliste anzuzeigen<\/li>\n<\/ol>\n<p>[\/vc_column_text][\/vc_accordion_tab][vc_accordion_tab gutter_size=&#8221;2&#8243; column_padding=&#8221;2&#8243; title=&#8221;Firestick \/ Fire TV, Android&#8221; tab_id=&#8221;1655842190962-7-9&#8243;][vc_column_text uncode_shortcode_id=&#8221;750661&#8243;]Diese Anleitung zeigt Ihnen, wie Sie es auf Android- und iOS-Ger\u00e4ten installieren. Es ist ein IPTV-Player, der auf fast jedem erdenklichen Ger\u00e4t funktioniert. Einer der Hauptgr\u00fcnde, warum diese App so beliebt ist, ist, dass sie mit iOS- und Android-Mobilger\u00e4ten kompatibel ist. So k\u00f6nnen Sie Live-Fernsehen \u00fcbertragen!<\/p>\n<p>Das folgende Tutorial zeigt Ihnen, wie Sie IPTV Smarters auf mehreren Ger\u00e4ten installieren.<\/p>\n<p>1 \u2013 Bewegen Sie den Mauszeiger \u00fcber Einstellungen im Hauptmen\u00fc<\/p>\n<p>2 \u2013 Klicken Sie auf Mein Fire TV.<\/p>\n<p>3 \u2013 W\u00e4hlen Sie Entwickleroptionen.<\/p>\n<p>4 \u2013 Klicken Sie auf Apps aus unbekannten Quellen.<\/p>\n<p>5 \u2013 W\u00e4hlen Sie \u00d6ffnen.<\/p>\n<p>6 \u2013 Gehen Sie zur\u00fcck zum Startbildschirm und bewegen Sie den Mauszeiger \u00fcber das Suchsymbol.<\/p>\n<p>7 \u2013 Geben Sie Downloader ein.<\/p>\n<p>8 \u2013 W\u00e4hlen Sie die Downloader-App aus.<\/p>\n<p>9 &#8211;\u00a0 Klicken Sie auf Herunterladen und dann auf \u00d6ffnen.<\/p>\n<p>10 &#8211; Suchen Sie im Downloader nach den folgenden Apps<\/p>\n<p><strong>11 \u2013<\/strong> <strong>Duplex-Spiel, ibo-Player, net iptv, iptv extreme, quzu iptv, smart iptv<\/strong><\/p>\n<p>12 &#8211; Laden Sie eine der oben genannten Apps herunter und senden Sie uns Mac\/Key der App<\/p>\n<p>13 &#8211; Wir installieren Ihr iptv-Konto und Sie m\u00fcssen lediglich die App neu starten.[\/vc_column_text][\/vc_accordion_tab][vc_accordion_tab gutter_size=&#8221;2&#8243; column_padding=&#8221;2&#8243; title=&#8221;MAG &#8216;alle Modelle'&#8221; tab_id=&#8221;1655842542227-8-10&#8243;][vc_column_text uncode_shortcode_id=&#8221;654669&#8243;]<strong>Verbinden Sie MAG DEVICE mit TV und Internet. Gehen Sie dann wie folgt vor;<\/strong><\/p>\n<ol>\n<li>Gehen Sie zu: Einstellungen \u2014&gt; Systemeinstellungen \u2014&gt; Server \u2014&gt; Portale<\/li>\n<li>Richten Sie Portal 1 ein: IPTVGrand<\/li>\n<li>Stellen Sie die Portal 1 URL ein (siehe Ihre E-Mail)<\/li>\n<li>Geben Sie den Namen f\u00fcr Portal 2 ein. Lassen Sie dieses Feld leer und f\u00fcgen Sie es nur hinzu, wenn Sie das zweite Abonnement bestellen<\/li>\n<li>Legen Sie die Portal 2 URL fest, lassen Sie dies leer, f\u00fcgen Sie dies nur hinzu, wenn Sie das zweite Abonnement bestellen<\/li>\n<li>Speichern Sie alles<\/li>\n<li>Starten Sie das Ger\u00e4t neu<\/li>\n<li>Warten Sie nach dem Neustart der Box, bis der Fernsehbildschirm die Kan\u00e4le anzeigt.<\/li>\n<\/ol>\n<p>[\/vc_column_text][\/vc_accordion_tab][vc_accordion_tab gutter_size=&#8221;2&#8243; column_padding=&#8221;2&#8243; title=&#8221;Enigma2 \/ Dreambox \/ Vu+&#8221; tab_id=&#8221;1655842609783-9-5&#8243;][vc_column_text uncode_shortcode_id=&#8221;392696&#8243;]<\/p>\n<ol>\n<li style=\"list-style-type: none;\">\n<ol>\n<li>Gehen Sie zu Ihrer Enigma2 und erhalten Sie Ihre IP-Adresse. Gehen Sie zu Einstellungen \/ Setup \/ System Network Device Setup Adapter Settings und erhalten Sie Ihre IP-Adresse, die mit 192.168\u2026 beginnt.<\/li>\n<li>Gehen Sie zu Ihrem Windows-PC und laden Sie Putty Software Putty downoad URL <a href=\"https:\/\/the.earth.li\/~sgtatham\/putty\/latest\/x86\/putty.exe herunter\">https:\/\/the.earth.li\/~sgtatham\/putty\/latest\/x86\/putty.exe herunter<\/a><\/li>\n<li>\u00d6ffnen Sie Putty und f\u00fcgen Sie diesen Schritten hinzu F\u00fcgen Sie Ihre IP-Adresse Ihrer Enigma hinzu (gleiche IP wie in Schritt 1) \u200b\u200bPort 23 Verbindungstyp Telenet Klicken Sie auf \u00d6ffnen<\/li>\n<li>Ihr Standard-Login und -Passwort sind root<\/li>\n<li>Kopieren Sie Ihre URL-Zeile (Sie erhalten sie nach dem Kauf eines Abonnements)<\/li>\n<li>Verwenden Sie die RECHTE MAUSTASTE, nachdem Sie Ihre Zeile eingegeben haben, und dr\u00fccken Sie die EINGABETASTE<\/li>\n<li>Geben Sie reboot ein und Ihr Ger\u00e4t wird neu gestartet. Jetzt finden Sie den IPTV-Ordner, alle IPTV-Kan\u00e4le befinden sich in Ihrem IPTV-Ordner.&#8211;&#8211;&#8211;&#8211;&#8211;&#8211;&#8211;&#8211;&#8211;&#8211;&#8211;&#8211;&#8211;&#8211;&#8211;-<\/li>\n<\/ol>\n<\/li>\n<li style=\"list-style-type: none;\">\n<ol>\n<li>Download-Link f\u00fcr JEDI MAKE2 unten<\/li>\n<li><a href=\"https:\/\/files.fm\/f\/4sv4ht3tn\">https:\/\/files.fm\/f\/4sv4ht3tn<\/a><\/li>\n<li>Laden Sie die Jedi Make2 IPK-Datei herunter<\/li>\n<li>Legen Sie den TMP-Ordner in die Box.<\/li>\n<li>Installieren Sie die Jedi Maker2 IPK-Datei im Boxmen\u00fc<\/li>\n<li>Starten Sie enigma2 neu<\/li>\n<li>Starten Sie Jedi Make2 und klicken Sie auf das Symbol zum Hinzuf\u00fcgen einer Wiedergabeliste.<\/li>\n<li>Geben Sie die von uns bereitgestellte URL, den Port, den Benutzer und den Pass ein und fahren Sie fort, bis Sie kategorisierte Kan\u00e4le in der TV-Liste erhalten.<\/li>\n<\/ol>\n<\/li>\n<\/ol>\n<p>[\/vc_column_text][\/vc_accordion_tab][vc_accordion_tab gutter_size=&#8221;2&#8243; column_padding=&#8221;2&#8243; title=&#8221;Dreamlink T1 \/ T1+ \/ T2 \/ T6&#8243; tab_id=&#8221;1655842695222-10-4&#8243;][vc_column_text uncode_shortcode_id=&#8221;153788&#8243;]Dieses Tutorial f\u00fchrt Sie durch eine einfache Installationsanleitung f\u00fcr Dreamlink T1, T1+, T2, T6.<\/p>\n<p><strong>Abrufen der MAC-Adresse vom Ger\u00e4t:<\/strong><\/p>\n<ol>\n<li>STB booten lassen.<\/li>\n<li>Schlie\u00dfen Sie alle gefundenen Updates ab.<\/li>\n<li>Sie gelangen zum &#8216;Server-Men\u00fc&#8217;.<\/li>\n<li>Dr\u00fccken Sie die \u201eExit\u201c-Taste auf der Fernbedienung und klicken Sie auf \u201eOK\u201c.<\/li>\n<li>Dadurch gelangen Sie zum DOL-Hauptbildschirm, \u201eMAC-Adresse\u201c befindet sich in der oberen rechten Ecke.<\/li>\n<\/ol>\n<p>&nbsp;<\/p>\n<p><strong>Dreamlink T1, T1+, T2, T6 Installationsanweisungen:<\/strong><\/p>\n<ol>\n<li>Gehen Sie zu \u201eEinstellungen\u201c in \u201eDreamlink On Line (DOL).<\/li>\n<li>Dr\u00fccken Sie die \u201eGr\u00fcne\u201c Taste auf Ihrer Fernbedienung, um die Option \u201eBearbeiten\u201c zu \u00f6ffnen.<\/li>\n<li>Geben Sie Ihren \u201ePortalnamen\u201c ein (verwenden Sie beispielsweise \u201eIPTV Point\u201c).<\/li>\n<li>Geben Sie Ihre \u201ePortal-URL\u201c ein (\u00fcberpr\u00fcfen Sie Ihre Aktivierungs-E-Mail).<\/li>\n<li>Best\u00e4tigen Sie, starten Sie &#8216;Dreamlink&#8217; neu und starten Sie die Wiedergabe.<\/li>\n<\/ol>\n<p><strong>Fehlerbehebung bei Dreamlink T1, T1+, T2, T6<\/strong><\/p>\n<p>Wenn Sie Probleme beim Anzeigen von Kan\u00e4len haben, befolgen Sie bitte diesen L\u00f6sungsvorschlag: Starten Sie Ihren Dreamlink und Ihren WLAN-Router neu.[\/vc_column_text][\/vc_accordion_tab][vc_accordion_tab gutter_size=&#8221;2&#8243; column_padding=&#8221;2&#8243; title=&#8221;Openbox&#8221; tab_id=&#8221;1655842851851-11-9&#8243;][vc_column_text uncode_shortcode_id=&#8221;181438&#8243;]Dieses Tutorial f\u00fchrt Sie durch die einfache Installationsanleitung f\u00fcr Openbox.<\/p>\n<p><strong>Openbox-Installationsanleitung:<\/strong><\/p>\n<ol>\n<li>\u00d6ffnen Sie \u201eInternetbrowser\u201c.<\/li>\n<li>Kopieren Sie Ihre M3U-URL, f\u00fcgen Sie sie in die \u201eAdressleiste\u201c ein und dr\u00fccken Sie \u201eEnter\u201c.<\/li>\n<li>Es wird entweder \u201eSpeichern\u201c oder \u201eSpeichern unter\u201c angezeigt.<\/li>\n<li>W\u00e4hlen Sie \u201eSpeichern unter\u201c und \u00e4ndern Sie den Dateinamen in \u201eIPTV Point\u201c.<\/li>\n<li>Kopieren Sie die aufgezeichnete Datei von Ihrem Computer auf einen USB-Stick und stecken Sie den Stick dann hinter die Open Box.<\/li>\n<li>Dr\u00fccken Sie Folgendes auf der Fernbedienung:<\/li>\n<\/ol>\n<p>&#8211; SPEISEKARTE<\/p>\n<p>\u2013 Netzwerkgebietsschema<\/p>\n<p>\u2013 Netzwerkanwendung<\/p>\n<p>\u2013 IPTV-Punkt<\/p>\n<p>&#8211; Gelber Schl\u00fcssel zum Lesen von USB<\/p>\n<p>\u2013 Beginnen Sie mit dem Ansehen, sobald Openbox \u201eerfolgreich\u201c sagt<\/p>\n<p><strong>Fehlerbehebung bei Openbox<\/strong><\/p>\n<p>Wenn Sie Probleme beim Anzeigen von Kan\u00e4len haben, befolgen Sie bitte diesen L\u00f6sungsvorschlag: Starten Sie Ihre Openbox und Ihren WLAN-Router neu.[\/vc_column_text][\/vc_accordion_tab][vc_accordion_tab gutter_size=&#8221;2&#8243; column_padding=&#8221;2&#8243; title=&#8221;Avov Box \/ Formuler&#8221; tab_id=&#8221;1655842903167-12-9&#8243;][vc_column_text uncode_shortcode_id=&#8221;992138&#8243;]Der IPTVGrand-Dienst verwendet eine kostenlose mediengesteuerte Anwendung namens \u201eTVOnline\u201c.<\/p>\n<p><strong>TVOnline-Installationsanleitung:<\/strong><\/p>\n<ol>\n<li>Klicken Sie im Hauptbildschirm auf \u201eMarket\u201c.<\/li>\n<li>Klicken Sie auf die Anwendung \u201eTvOnline\u201c.<\/li>\n<li>Installieren Sie die Anwendung \u201eTVOnline\u201c.<\/li>\n<li>Warten Sie, bis die Installation abgeschlossen ist.<\/li>\n<li>Geben Sie den \u201eServernamen\u201c (z. B. \u201eIPTV Point\u201c) und den \u201ePortallink\u201c ein (\u00fcberpr\u00fcfen Sie Ihre Aktivierungs-E-Mail).<\/li>\n<li>Klicken Sie auf \u201eVerbinden\u201c, um mit der Wiedergabe zu beginnen. Fehlerbehebung bei Avov Box\/Formuler Wenn Sie Probleme beim Anzeigen von Kan\u00e4len haben, befolgen Sie bitte diese vorgeschlagene L\u00f6sung: Starten Sie Ihre App, Avov Box\/Formuler und Ihren WLAN-Router neu.<\/li>\n<\/ol>\n<p>[\/vc_column_text][\/vc_accordion_tab][\/vc_accordion][\/vc_column][\/vc_row]<\/p>\n<\/div>","protected":false},"excerpt":{"rendered":"<p>[vc_row row_height_percent=&#8221;55&#8243; override_padding=&#8221;yes&#8221; h_padding=&#8221;2&#8243; top_padding=&#8221;4&#8243; bottom_padding=&#8221;4&#8243; back_color=&#8221;color-wayh&#8221; back_image=&#8221;11297&#8243; overlay_color=&#8221;accent&#8221; overlay_alpha=&#8221;90&#8243; gutter_size=&#8221;3&#8243; column_width_percent=&#8221;100&#8243; shift_y=&#8221;0&#8243; z_index=&#8221;0&#8243; enable_bottom_divider=&#8221;default&#8221; bottom_divider=&#8221;gradient&#8221; shape_bottom_h_use_pixel=&#8221;true&#8221; shape_bottom_height_percent=&#8221;100&#8243; shape_bottom_color=&#8221;color-wayh&#8221; shape_bottom_opacity=&#8221;50&#8243; [&hellip;]<\/p>\n","protected":false},"author":1,"featured_media":0,"parent":0,"menu_order":0,"comment_status":"open","ping_status":"open","template":"","meta":{"footnotes":""},"class_list":["post-111723","page","type-page","status-publish","hentry"],"yoast_head":"<!-- This site is optimized with the Yoast SEO plugin v27.5 - https:\/\/yoast.com\/product\/yoast-seo-wordpress\/ -->\n<title>Tutorials - Go IPTV Member<\/title>\n<meta name=\"robots\" content=\"index, follow, max-snippet:-1, max-image-preview:large, max-video-preview:-1\" \/>\n<link rel=\"canonical\" href=\"https:\/\/www.goiptveurope.com\/de\/tutorials\/\" \/>\n<meta property=\"og:locale\" content=\"de_DE\" \/>\n<meta property=\"og:type\" content=\"article\" \/>\n<meta property=\"og:title\" content=\"Tutorials - Go IPTV Member\" \/>\n<meta property=\"og:description\" content=\"[vc_row row_height_percent=&#8221;55&#8243; override_padding=&#8221;yes&#8221; h_padding=&#8221;2&#8243; top_padding=&#8221;4&#8243; bottom_padding=&#8221;4&#8243; back_color=&#8221;color-wayh&#8221; back_image=&#8221;11297&#8243; overlay_color=&#8221;accent&#8221; overlay_alpha=&#8221;90&#8243; gutter_size=&#8221;3&#8243; column_width_percent=&#8221;100&#8243; shift_y=&#8221;0&#8243; z_index=&#8221;0&#8243; enable_bottom_divider=&#8221;default&#8221; bottom_divider=&#8221;gradient&#8221; shape_bottom_h_use_pixel=&#8221;true&#8221; shape_bottom_height_percent=&#8221;100&#8243; shape_bottom_color=&#8221;color-wayh&#8221; shape_bottom_opacity=&#8221;50&#8243; [&hellip;]\" \/>\n<meta property=\"og:url\" content=\"https:\/\/www.goiptveurope.com\/de\/tutorials\/\" \/>\n<meta property=\"og:site_name\" content=\"Go IPTV Member\" \/>\n<meta property=\"article:modified_time\" content=\"2022-10-27T13:57:31+00:00\" \/>\n<meta name=\"twitter:card\" content=\"summary_large_image\" \/>\n<meta name=\"twitter:label1\" content=\"Gesch\u00e4tzte Lesezeit\" \/>\n\t<meta name=\"twitter:data1\" content=\"8 minutes\" \/>\n<script type=\"application\/ld+json\" class=\"yoast-schema-graph\">{\"@context\":\"https:\\\/\\\/schema.org\",\"@graph\":[{\"@type\":\"WebPage\",\"@id\":\"https:\\\/\\\/www.goiptveurope.com\\\/de\\\/tutorials\\\/\",\"url\":\"https:\\\/\\\/www.goiptveurope.com\\\/de\\\/tutorials\\\/\",\"name\":\"Tutorials - Go IPTV Member\",\"isPartOf\":{\"@id\":\"https:\\\/\\\/www.goiptveurope.com\\\/de\\\/#website\"},\"datePublished\":\"2015-06-11T13:03:51+00:00\",\"dateModified\":\"2022-10-27T13:57:31+00:00\",\"breadcrumb\":{\"@id\":\"https:\\\/\\\/www.goiptveurope.com\\\/de\\\/tutorials\\\/#breadcrumb\"},\"inLanguage\":\"de-DE\",\"potentialAction\":[{\"@type\":\"ReadAction\",\"target\":[\"https:\\\/\\\/www.goiptveurope.com\\\/de\\\/tutorials\\\/\"]}]},{\"@type\":\"BreadcrumbList\",\"@id\":\"https:\\\/\\\/www.goiptveurope.com\\\/de\\\/tutorials\\\/#breadcrumb\",\"itemListElement\":[{\"@type\":\"ListItem\",\"position\":1,\"name\":\"Anasayfa\",\"item\":\"https:\\\/\\\/www.goiptveurope.com\\\/de\\\/\"},{\"@type\":\"ListItem\",\"position\":2,\"name\":\"Tutorials\"}]},{\"@type\":\"WebSite\",\"@id\":\"https:\\\/\\\/www.goiptveurope.com\\\/de\\\/#website\",\"url\":\"https:\\\/\\\/www.goiptveurope.com\\\/de\\\/\",\"name\":\"Go IPTV Member\",\"description\":\"Fast and affordable IPTV sales\",\"potentialAction\":[{\"@type\":\"SearchAction\",\"target\":{\"@type\":\"EntryPoint\",\"urlTemplate\":\"https:\\\/\\\/www.goiptveurope.com\\\/de\\\/?s={search_term_string}\"},\"query-input\":{\"@type\":\"PropertyValueSpecification\",\"valueRequired\":true,\"valueName\":\"search_term_string\"}}],\"inLanguage\":\"de-DE\"}]}<\/script>\n<!-- \/ Yoast SEO plugin. -->","yoast_head_json":{"title":"Tutorials - Go IPTV Member","robots":{"index":"index","follow":"follow","max-snippet":"max-snippet:-1","max-image-preview":"max-image-preview:large","max-video-preview":"max-video-preview:-1"},"canonical":"https:\/\/www.goiptveurope.com\/de\/tutorials\/","og_locale":"de_DE","og_type":"article","og_title":"Tutorials - Go IPTV Member","og_description":"[vc_row row_height_percent=&#8221;55&#8243; override_padding=&#8221;yes&#8221; h_padding=&#8221;2&#8243; top_padding=&#8221;4&#8243; bottom_padding=&#8221;4&#8243; back_color=&#8221;color-wayh&#8221; back_image=&#8221;11297&#8243; overlay_color=&#8221;accent&#8221; overlay_alpha=&#8221;90&#8243; gutter_size=&#8221;3&#8243; column_width_percent=&#8221;100&#8243; shift_y=&#8221;0&#8243; z_index=&#8221;0&#8243; enable_bottom_divider=&#8221;default&#8221; bottom_divider=&#8221;gradient&#8221; shape_bottom_h_use_pixel=&#8221;true&#8221; shape_bottom_height_percent=&#8221;100&#8243; shape_bottom_color=&#8221;color-wayh&#8221; shape_bottom_opacity=&#8221;50&#8243; [&hellip;]","og_url":"https:\/\/www.goiptveurope.com\/de\/tutorials\/","og_site_name":"Go IPTV Member","article_modified_time":"2022-10-27T13:57:31+00:00","twitter_card":"summary_large_image","twitter_misc":{"Gesch\u00e4tzte Lesezeit":"8 minutes"},"schema":{"@context":"https:\/\/schema.org","@graph":[{"@type":"WebPage","@id":"https:\/\/www.goiptveurope.com\/de\/tutorials\/","url":"https:\/\/www.goiptveurope.com\/de\/tutorials\/","name":"Tutorials - Go IPTV Member","isPartOf":{"@id":"https:\/\/www.goiptveurope.com\/de\/#website"},"datePublished":"2015-06-11T13:03:51+00:00","dateModified":"2022-10-27T13:57:31+00:00","breadcrumb":{"@id":"https:\/\/www.goiptveurope.com\/de\/tutorials\/#breadcrumb"},"inLanguage":"de-DE","potentialAction":[{"@type":"ReadAction","target":["https:\/\/www.goiptveurope.com\/de\/tutorials\/"]}]},{"@type":"BreadcrumbList","@id":"https:\/\/www.goiptveurope.com\/de\/tutorials\/#breadcrumb","itemListElement":[{"@type":"ListItem","position":1,"name":"Anasayfa","item":"https:\/\/www.goiptveurope.com\/de\/"},{"@type":"ListItem","position":2,"name":"Tutorials"}]},{"@type":"WebSite","@id":"https:\/\/www.goiptveurope.com\/de\/#website","url":"https:\/\/www.goiptveurope.com\/de\/","name":"Go IPTV Member","description":"Fast and affordable IPTV sales","potentialAction":[{"@type":"SearchAction","target":{"@type":"EntryPoint","urlTemplate":"https:\/\/www.goiptveurope.com\/de\/?s={search_term_string}"},"query-input":{"@type":"PropertyValueSpecification","valueRequired":true,"valueName":"search_term_string"}}],"inLanguage":"de-DE"}]}},"_links":{"self":[{"href":"https:\/\/www.goiptveurope.com\/de\/wp-json\/wp\/v2\/pages\/111723","targetHints":{"allow":["GET"]}}],"collection":[{"href":"https:\/\/www.goiptveurope.com\/de\/wp-json\/wp\/v2\/pages"}],"about":[{"href":"https:\/\/www.goiptveurope.com\/de\/wp-json\/wp\/v2\/types\/page"}],"author":[{"embeddable":true,"href":"https:\/\/www.goiptveurope.com\/de\/wp-json\/wp\/v2\/users\/1"}],"replies":[{"embeddable":true,"href":"https:\/\/www.goiptveurope.com\/de\/wp-json\/wp\/v2\/comments?post=111723"}],"version-history":[{"count":0,"href":"https:\/\/www.goiptveurope.com\/de\/wp-json\/wp\/v2\/pages\/111723\/revisions"}],"wp:attachment":[{"href":"https:\/\/www.goiptveurope.com\/de\/wp-json\/wp\/v2\/media?parent=111723"}],"curies":[{"name":"wp","href":"https:\/\/api.w.org\/{rel}","templated":true}]}}