{"id":111700,"date":"2014-10-28T16:48:38","date_gmt":"2014-10-28T13:48:38","guid":{"rendered":"http:\/\/goiptveurope.com\/?page_id=111700"},"modified":"2026-03-10T15:52:21","modified_gmt":"2026-03-10T12:52:21","slug":"wiederverkaeufer","status":"publish","type":"page","link":"https:\/\/www.goiptveurope.com\/de\/wiederverkaeufer\/","title":{"rendered":"Wiederverk\u00e4ufer"},"content":{"rendered":"<div class=\"wpb-content-wrapper\"><p>[vc_row row_height_percent=&#8221;55&#8243; override_padding=&#8221;yes&#8221; h_padding=&#8221;2&#8243; top_padding=&#8221;4&#8243; bottom_padding=&#8221;4&#8243; back_color=&#8221;color-210407&#8243; overlay_color=&#8221;color-wayh&#8221; overlay_alpha=&#8221;40&#8243; gutter_size=&#8221;3&#8243; column_width_percent=&#8221;100&#8243; shift_y=&#8221;0&#8243; z_index=&#8221;0&#8243; uncode_shortcode_id=&#8221;137960&#8243; back_color_type=&#8221;uncode-palette&#8221; overlay_color_type=&#8221;uncode-palette&#8221;][vc_column column_width_use_pixel=&#8221;yes&#8221; gutter_size=&#8221;3&#8243; overlay_alpha=&#8221;50&#8243; shift_x=&#8221;0&#8243; shift_y=&#8221;0&#8243; shift_y_down=&#8221;0&#8243; z_index=&#8221;0&#8243; medium_width=&#8221;0&#8243; mobile_width=&#8221;0&#8243; width=&#8221;1\/1&#8243; column_width_pixel=&#8221;800&#8243;][vc_custom_heading text_color=&#8221;color-xsdn&#8221; text_font=&#8221;font-136269&#8243; text_size=&#8221;fontsize-155944&#8243; text_weight=&#8221;400&#8243; text_space=&#8221;fontspace-781688&#8243; sub_reduced=&#8221;yes&#8221; uncode_shortcode_id=&#8221;123299&#8243; text_color_type=&#8221;uncode-palette&#8221;]<strong>Holen Sie sich jetzt Ihr eigenes IPTV-Panel! <\/strong><\/p>\n<p>H\u00f6ren Sie auf, mit geringen Investitionen das richtige Gesch\u00e4ft zu finden und Zeit und Geld zu verschwenden, denn nur das IPTV-Gesch\u00e4ft hat diesen Vorteil.[\/vc_custom_heading][\/vc_column][\/vc_row][vc_row][vc_column width=&#8221;1\/1&#8243;][vc_single_image media=&#8221;112634&#8243; media_width_percent=&#8221;100&#8243; uncode_shortcode_id=&#8221;210659&#8243;][vc_custom_heading uncode_shortcode_id=&#8221;505116&#8243;]IPTV-Reseller-Preis[\/vc_custom_heading][uncode_pricing title=&#8221;Preis f\u00fcr IPTV- Wiederverk\u00e4ufer|Starten Sie Ihr Unternehmen&#8221; price=&#8221;250 \u20ac|50 Credits + Panel&#8221; price_color=&#8221;&#8221; uncode_shortcode_id=&#8221;214033&#8243; price_color_type=&#8221;uncode-palette&#8221; price_color_solid=&#8221;#ff0000&#8243; body=&#8221;- Kostenloses Testkonto<br \/>\n&#8211; Gruppen anpassen<br \/>\n&#8211; Credits verfallen nicht<br \/>\n&#8211; 24\/7-Support&#8221;][vc_empty_space][vc_custom_heading uncode_shortcode_id=&#8221;817242&#8243;]Reseller-Formular[\/vc_custom_heading]\n<div class=\"wpcf7 no-js\" id=\"wpcf7-f111706-o1\" lang=\"de-DE\" dir=\"ltr\" data-wpcf7-id=\"111706\">\n<div class=\"screen-reader-response\"><p role=\"status\" aria-live=\"polite\" aria-atomic=\"true\"><\/p> <ul><\/ul><\/div>\n<form action=\"\/de\/wp-json\/wp\/v2\/pages\/111700#wpcf7-f111706-o1\" method=\"post\" class=\"wpcf7-form init input-background\" aria-label=\"Contact form\" novalidate=\"novalidate\" data-status=\"init\">\n<fieldset class=\"hidden-fields-container\"><input type=\"hidden\" name=\"_wpcf7\" value=\"111706\" \/><input type=\"hidden\" name=\"_wpcf7_version\" value=\"6.1.5\" \/><input type=\"hidden\" name=\"_wpcf7_locale\" value=\"de_DE\" \/><input type=\"hidden\" name=\"_wpcf7_unit_tag\" value=\"wpcf7-f111706-o1\" \/><input type=\"hidden\" name=\"_wpcf7_container_post\" value=\"0\" \/><input type=\"hidden\" name=\"_wpcf7_posted_data_hash\" value=\"\" \/><input type=\"hidden\" name=\"_wpcf7_recaptcha_response\" value=\"\" \/>\n<\/fieldset>\n<p><label for=\"first-name\">Ihr Name*<\/label><br \/>\n<span class=\"wpcf7-form-control-wrap\" data-name=\"first-name\"><input size=\"40\" maxlength=\"400\" class=\"wpcf7-form-control wpcf7-text wpcf7-validates-as-required\" id=\"first-name\" aria-required=\"true\" aria-invalid=\"false\" placeholder=\"Ihr Name\" value=\"\" type=\"text\" name=\"first-name\" \/><\/span>\n<\/p>\n<p><label for=\"your-email\">Ihre E-Mailadresse*<\/label><br \/>\n<span class=\"wpcf7-form-control-wrap\" data-name=\"your-email\"><input size=\"40\" maxlength=\"400\" class=\"wpcf7-form-control wpcf7-email wpcf7-validates-as-required wpcf7-text wpcf7-validates-as-email\" id=\"your-email\" aria-required=\"true\" aria-invalid=\"false\" placeholder=\"Ihre E-Mailadresse\" value=\"\" type=\"email\" name=\"your-email\" \/><\/span>\n<\/p>\n<p><label for=\"your-message\">Ihre Nachricht<\/label><br \/>\n<span class=\"wpcf7-form-control-wrap\" data-name=\"your-message\"><textarea cols=\"40\" rows=\"10\" maxlength=\"2000\" class=\"wpcf7-form-control wpcf7-textarea\" id=\"your-message\" aria-invalid=\"false\" placeholder=\"Ihre Nachricht\" name=\"your-message\"><\/textarea><\/span>\n<\/p>\n<p><input class=\"wpcf7-form-control wpcf7-submit has-spinner btn btn-accent btn-lg btn-inherit font-weight-500\" type=\"submit\" value=\"Nachricht senden\" \/>\n<\/p><div class=\"wpcf7-response-output\" aria-hidden=\"true\"><\/div>\n<\/form>\n<\/div>\n[\/vc_column][\/vc_row][vc_row][vc_column width=&#8221;1\/1&#8243;][\/vc_column][\/vc_row][vc_row][vc_column width=&#8221;1\/1&#8243;][\/vc_column][\/vc_row]<\/p>\n<\/div>","protected":false},"excerpt":{"rendered":"<p>Get Your Own IPTV Pannel Now<br \/>\nStop effort and wasting time money for finding the perfect business with a low investment, because only IPTV system has that benefit.<\/p>\n","protected":false},"author":1,"featured_media":0,"parent":0,"menu_order":0,"comment_status":"open","ping_status":"open","template":"","meta":{"footnotes":""},"class_list":["post-111700","page","type-page","status-publish","hentry"],"yoast_head":"<!-- This site is optimized with the Yoast SEO plugin v27.5 - https:\/\/yoast.com\/product\/yoast-seo-wordpress\/ -->\n<title>Wiederverk\u00e4ufer - Go IPTV Member<\/title>\n<meta name=\"robots\" content=\"index, follow, max-snippet:-1, max-image-preview:large, max-video-preview:-1\" \/>\n<link rel=\"canonical\" href=\"https:\/\/www.goiptveurope.com\/de\/wiederverkaeufer\/\" \/>\n<meta property=\"og:locale\" content=\"de_DE\" \/>\n<meta property=\"og:type\" content=\"article\" \/>\n<meta property=\"og:title\" content=\"Wiederverk\u00e4ufer - Go IPTV Member\" \/>\n<meta property=\"og:description\" content=\"Get Your Own IPTV Pannel Now Stop effort and wasting time money for finding the perfect business with a low investment, because only IPTV system has that benefit.\" \/>\n<meta property=\"og:url\" content=\"https:\/\/www.goiptveurope.com\/de\/wiederverkaeufer\/\" \/>\n<meta property=\"og:site_name\" content=\"Go IPTV Member\" \/>\n<meta property=\"article:modified_time\" content=\"2026-03-10T12:52:21+00:00\" \/>\n<meta name=\"twitter:card\" content=\"summary_large_image\" \/>\n<meta name=\"twitter:label1\" content=\"Gesch\u00e4tzte Lesezeit\" \/>\n\t<meta name=\"twitter:data1\" content=\"1 minute\" \/>\n<script type=\"application\/ld+json\" class=\"yoast-schema-graph\">{\"@context\":\"https:\\\/\\\/schema.org\",\"@graph\":[{\"@type\":\"WebPage\",\"@id\":\"https:\\\/\\\/www.goiptveurope.com\\\/de\\\/wiederverkaeufer\\\/\",\"url\":\"https:\\\/\\\/www.goiptveurope.com\\\/de\\\/wiederverkaeufer\\\/\",\"name\":\"Wiederverk\u00e4ufer - Go IPTV Member\",\"isPartOf\":{\"@id\":\"https:\\\/\\\/www.goiptveurope.com\\\/de\\\/#website\"},\"datePublished\":\"2014-10-28T13:48:38+00:00\",\"dateModified\":\"2026-03-10T12:52:21+00:00\",\"breadcrumb\":{\"@id\":\"https:\\\/\\\/www.goiptveurope.com\\\/de\\\/wiederverkaeufer\\\/#breadcrumb\"},\"inLanguage\":\"de-DE\",\"potentialAction\":[{\"@type\":\"ReadAction\",\"target\":[\"https:\\\/\\\/www.goiptveurope.com\\\/de\\\/wiederverkaeufer\\\/\"]}]},{\"@type\":\"BreadcrumbList\",\"@id\":\"https:\\\/\\\/www.goiptveurope.com\\\/de\\\/wiederverkaeufer\\\/#breadcrumb\",\"itemListElement\":[{\"@type\":\"ListItem\",\"position\":1,\"name\":\"Anasayfa\",\"item\":\"https:\\\/\\\/www.goiptveurope.com\\\/de\\\/\"},{\"@type\":\"ListItem\",\"position\":2,\"name\":\"Wiederverk\u00e4ufer\"}]},{\"@type\":\"WebSite\",\"@id\":\"https:\\\/\\\/www.goiptveurope.com\\\/de\\\/#website\",\"url\":\"https:\\\/\\\/www.goiptveurope.com\\\/de\\\/\",\"name\":\"Go IPTV Member\",\"description\":\"Fast and affordable IPTV sales\",\"potentialAction\":[{\"@type\":\"SearchAction\",\"target\":{\"@type\":\"EntryPoint\",\"urlTemplate\":\"https:\\\/\\\/www.goiptveurope.com\\\/de\\\/?s={search_term_string}\"},\"query-input\":{\"@type\":\"PropertyValueSpecification\",\"valueRequired\":true,\"valueName\":\"search_term_string\"}}],\"inLanguage\":\"de-DE\"}]}<\/script>\n<!-- \/ Yoast SEO plugin. -->","yoast_head_json":{"title":"Wiederverk\u00e4ufer - Go IPTV Member","robots":{"index":"index","follow":"follow","max-snippet":"max-snippet:-1","max-image-preview":"max-image-preview:large","max-video-preview":"max-video-preview:-1"},"canonical":"https:\/\/www.goiptveurope.com\/de\/wiederverkaeufer\/","og_locale":"de_DE","og_type":"article","og_title":"Wiederverk\u00e4ufer - Go IPTV Member","og_description":"Get Your Own IPTV Pannel Now Stop effort and wasting time money for finding the perfect business with a low investment, because only IPTV system has that benefit.","og_url":"https:\/\/www.goiptveurope.com\/de\/wiederverkaeufer\/","og_site_name":"Go IPTV Member","article_modified_time":"2026-03-10T12:52:21+00:00","twitter_card":"summary_large_image","twitter_misc":{"Gesch\u00e4tzte Lesezeit":"1 minute"},"schema":{"@context":"https:\/\/schema.org","@graph":[{"@type":"WebPage","@id":"https:\/\/www.goiptveurope.com\/de\/wiederverkaeufer\/","url":"https:\/\/www.goiptveurope.com\/de\/wiederverkaeufer\/","name":"Wiederverk\u00e4ufer - Go IPTV Member","isPartOf":{"@id":"https:\/\/www.goiptveurope.com\/de\/#website"},"datePublished":"2014-10-28T13:48:38+00:00","dateModified":"2026-03-10T12:52:21+00:00","breadcrumb":{"@id":"https:\/\/www.goiptveurope.com\/de\/wiederverkaeufer\/#breadcrumb"},"inLanguage":"de-DE","potentialAction":[{"@type":"ReadAction","target":["https:\/\/www.goiptveurope.com\/de\/wiederverkaeufer\/"]}]},{"@type":"BreadcrumbList","@id":"https:\/\/www.goiptveurope.com\/de\/wiederverkaeufer\/#breadcrumb","itemListElement":[{"@type":"ListItem","position":1,"name":"Anasayfa","item":"https:\/\/www.goiptveurope.com\/de\/"},{"@type":"ListItem","position":2,"name":"Wiederverk\u00e4ufer"}]},{"@type":"WebSite","@id":"https:\/\/www.goiptveurope.com\/de\/#website","url":"https:\/\/www.goiptveurope.com\/de\/","name":"Go IPTV Member","description":"Fast and affordable IPTV sales","potentialAction":[{"@type":"SearchAction","target":{"@type":"EntryPoint","urlTemplate":"https:\/\/www.goiptveurope.com\/de\/?s={search_term_string}"},"query-input":{"@type":"PropertyValueSpecification","valueRequired":true,"valueName":"search_term_string"}}],"inLanguage":"de-DE"}]}},"_links":{"self":[{"href":"https:\/\/www.goiptveurope.com\/de\/wp-json\/wp\/v2\/pages\/111700","targetHints":{"allow":["GET"]}}],"collection":[{"href":"https:\/\/www.goiptveurope.com\/de\/wp-json\/wp\/v2\/pages"}],"about":[{"href":"https:\/\/www.goiptveurope.com\/de\/wp-json\/wp\/v2\/types\/page"}],"author":[{"embeddable":true,"href":"https:\/\/www.goiptveurope.com\/de\/wp-json\/wp\/v2\/users\/1"}],"replies":[{"embeddable":true,"href":"https:\/\/www.goiptveurope.com\/de\/wp-json\/wp\/v2\/comments?post=111700"}],"version-history":[{"count":0,"href":"https:\/\/www.goiptveurope.com\/de\/wp-json\/wp\/v2\/pages\/111700\/revisions"}],"wp:attachment":[{"href":"https:\/\/www.goiptveurope.com\/de\/wp-json\/wp\/v2\/media?parent=111700"}],"curies":[{"name":"wp","href":"https:\/\/api.w.org\/{rel}","templated":true}]}}